{"id":244,"date":"2024-01-05T04:54:35","date_gmt":"2024-01-05T03:54:35","guid":{"rendered":"https:\/\/sonstige.noblogs.org\/?page_id=244"},"modified":"2024-01-05T05:03:08","modified_gmt":"2024-01-05T04:03:08","slug":"programm","status":"publish","type":"page","link":"https:\/\/sonstige.noblogs.org\/","title":{"rendered":"Programme (fr)"},"content":{"rendered":"<div id=\"magicdomid8\" dir=\"ltr\">\n<p>Liewer d\u00fcd a\u00df Slaawe<\/p>\n<p>Programme du parti des minorit\u00e9s<br \/>\nLES AUTRES (<a href=\"https:\/\/sonstige.noblogs.org\/files\/2023\/12\/grundsatz-programm-sonstige-layout-2021-2024.pdf\">\u00e0 t\u00e9l\u00e9charger en PDF : principe-programme-autres-layout-2021-2024<\/a>)<\/p>\n<p>Une nouvelle marche \u00e0 travers les institutions ne peut pas \u00eatre la r\u00e9ponse \u00e0 l&rsquo;\u00e9chec pr\u00e9alable des mouvements sociaux. Nous refusons certes de remplir notre fonction de parti, mais nous posons ici clairement la question du pouvoir !<\/p>\n<p>Liewer d\u00fcd a\u00df Slaawe\u00a0\u00bb (plus doux que le slave)<\/p>\n<p>[Plut\u00f4t mort que pas libre]<\/p>\n<p>Que voulons-nous ?<\/p>\n<p>Nous voulons repr\u00e9senter une menace s\u00e9rieuse pour le complexe militaro-industriel en remettant la question du syst\u00e8me \u00e0 l&rsquo;ordre du jour. Nous voulons que nos th\u00e8mes et concepts atteignent une masse critique capable de provoquer des changements profonds en temps de crise.<\/p>\n<p>Comment nous y prenons-nous ?<\/p>\n<p>Dans le processus de cr\u00e9ation de ce nouveau parti, nous avons pass\u00e9 une conf\u00e9rence enti\u00e8re \u00e0 nous demander comment nous allions nous parler et entrer en relation. Il y a beaucoup de violence cach\u00e9e dans le langage. Il ne s&rsquo;agit pas d&rsquo;\u00eatre toujours gentil et aimable et de subordonner des sentiments comme la col\u00e8re et l&rsquo;impuissance \u00e0 une confiance et une envie de r\u00e9ussite apparemment omnipr\u00e9sentes et feintes. Nous sommes fatigu\u00e9s des combats d&rsquo;\u00e9clats et des foss\u00e9s id\u00e9ologiques. Notre survie en tant que minorit\u00e9 et existence de niche d\u00e9pend actuellement d&rsquo;une large alliance pour une mise \u00e0 niveau d\u00e9mocratique : Un nouveau d\u00e9part d\u00e9mocratique de base sans direction. Les groupes et les personnes qui se sont joints \u00e0 cette \u00ab\u00a0union de ceux qui se s\u00e9parent\u00a0\u00bb n&rsquo;ont maintenant plus le temps de se bricoler une identit\u00e9 et de chercher des points communs !<\/p>\n<p>Le travail d&rsquo;alliance est tr\u00e8s laborieux. On a toujours affaire \u00e0 des gens qui ont des opinions fondamentalement diff\u00e9rentes. En m\u00eame temps, nos r\u00e9unions respectueuses sont d\u00e9j\u00e0 un mod\u00e8le pour le monde que nous souhaitons. Notre objectif est contenu dans notre organisation horizontale. Mais la structure d&rsquo;un parti exige aussi un esprit d&rsquo;association. Sans attention, nous devenons les moyens de nos moyens !<\/p>\n<p>En participant, nous n&rsquo;avons pas accept\u00e9 les r\u00e8gles du jeu ! Dans le capitalisme, qui a soumis tous les domaines de la vie \u00e0 la forme du march\u00e9, nos id\u00e9es elles-m\u00eames ont pris la forme d&rsquo;une marchandise.<\/p>\n<p>Qui sommes-nous ?<\/p>\n<p>Nous sommes des activistes pour un conf\u00e9d\u00e9ralisme \u00e0 l&rsquo;\u00e9chelle de la Frise ; ainsi que contre toute forme de racisme ; ainsi que contre la discrimination de toutes les minorit\u00e9s ; ainsi que contre toute misanthropie li\u00e9e \u00e0 un groupe.<\/p>\n<p>Nous sommes issus du mouvement du RBI, du mouvement de lib\u00e9ration animale, des mouvements pour les droits de l&rsquo;homme et les droits civiques, des mouvements de r\u00e9forme de l&rsquo;UE et de l&rsquo;ONU, de la sc\u00e8ne berlinoise des squatters, des mouvements f\u00e9ministes de la deuxi\u00e8me et de la troisi\u00e8me g\u00e9n\u00e9ration. Nous sommes issus des mouvements de la communaut\u00e9 queer, des LGBTI, des personnes handicap\u00e9es, des personnes souffrant de troubles psychiatriques, des locataires, des anti-gentrification, des sans-abris, des vagabonds, des usagers de drogues, des artistes plasticiens radicaux, des travailleurs, des ch\u00f4meurs, des personnes refusant de travailler et des r\u00e9fugi\u00e9s, sans oublier les mouvements de protection des esp\u00e8ces, de la nature et du climat ; nous sommes des partisans de la bourgeoisie lib\u00e9rale et des conservateurs mod\u00e9r\u00e9s, des lib\u00e9raux, des sociaux-lib\u00e9raux, des sociaux-d\u00e9mocrates, des d\u00e9mocrates-socialistes, des d\u00e9mocrates de base, des socialistes ou des anarchistes, voire de toutes les philosophies politiques \u00e9galitaires ; nous sommes spirituels ou humanistes. Nous sommes des r\u00e9formateurs ou des r\u00e9volutionnaires qui, malgr\u00e9 d&rsquo;incroyables d\u00e9ceptions, n&rsquo;ont pas perdu la foi.<\/p>\n<p>O\u00f9 allons-nous ?<\/p>\n<p>Nous ne voulons pas aller au centre du pouvoir, mais dissoudre l&rsquo;ordre dominant \u00e0 partir des marges, \u00e0 partir des faibles et des exclus, et remplacer la normalit\u00e9 allemande par une diversit\u00e9 color\u00e9e. La diversit\u00e9 ne part pas d&rsquo;unit\u00e9s ferm\u00e9es de groupes humains. Nous devons consid\u00e9rer toutes nos appartenances \u00e0 des groupes comme des instruments d&rsquo;exploitation mutuelle et de luttes concurrentielles. Nous ne faisons pas de politique identitaire pour une client\u00e8le particuli\u00e8re ! Nous faisons de la coop\u00e9ration &#8211; et non de la concurrence &#8211; la force motrice du progr\u00e8s !<\/p>\n<p>&nbsp;<\/p>\n<p>VIVE LA DIFF\u00c9RENCE !!!<\/p>\n<\/div>\n<div id=\"magicdomid30\" dir=\"ltr\">\n<figure id=\"attachment_24\" aria-describedby=\"caption-attachment-24\" style=\"width: 640px\" class=\"wp-caption aligncenter\"><img loading=\"lazy\" decoding=\"async\" class=\"wp-image-24 size-large\" src=\"https:\/\/sonstige.noblogs.org\/files\/2021\/06\/P1870831.cleaned-1024x682.jpg\" alt=\"Hier nur zu Besuch\" width=\"640\" height=\"426\" srcset=\"https:\/\/sonstige.noblogs.org\/files\/2021\/06\/P1870831.cleaned-1024x682.jpg 1024w, https:\/\/sonstige.noblogs.org\/files\/2021\/06\/P1870831.cleaned-300x200.jpg 300w, https:\/\/sonstige.noblogs.org\/files\/2021\/06\/P1870831.cleaned-768x511.jpg 768w, https:\/\/sonstige.noblogs.org\/files\/2021\/06\/P1870831.cleaned-1536x1022.jpg 1536w, https:\/\/sonstige.noblogs.org\/files\/2021\/06\/P1870831.cleaned-2048x1363.jpg 2048w, https:\/\/sonstige.noblogs.org\/files\/2021\/06\/P1870831.cleaned-1568x1044.jpg 1568w\" sizes=\"auto, (max-width: 640px) 100vw, 640px\" \/><figcaption id=\"caption-attachment-24\" class=\"wp-caption-text\">Hier nur zu Besuch<\/figcaption><\/figure>\n<\/div>\n<p><img loading=\"lazy\" decoding=\"async\" class=\"alignnone wp-image-231\" src=\"https:\/\/sonstige.noblogs.org\/files\/2023\/12\/programm-seite1b-241x300.png\" alt=\"\" width=\"527\" height=\"656\" srcset=\"https:\/\/sonstige.noblogs.org\/files\/2023\/12\/programm-seite1b-241x300.png 241w, https:\/\/sonstige.noblogs.org\/files\/2023\/12\/programm-seite1b.png 640w\" sizes=\"auto, (max-width: 527px) 100vw, 527px\" \/> <img loading=\"lazy\" decoding=\"async\" class=\"alignnone wp-image-230\" src=\"https:\/\/sonstige.noblogs.org\/files\/2023\/12\/programm-seite2-gruner-groser-241x300.png\" alt=\"\" width=\"528\" height=\"657\" srcset=\"https:\/\/sonstige.noblogs.org\/files\/2023\/12\/programm-seite2-gruner-groser-241x300.png 241w, https:\/\/sonstige.noblogs.org\/files\/2023\/12\/programm-seite2-gruner-groser.png 640w\" sizes=\"auto, (max-width: 528px) 100vw, 528px\" \/><\/p>\n","protected":false},"excerpt":{"rendered":"<p>Liewer d\u00fcd a\u00df Slaawe Programme du parti des minorit\u00e9s LES AUTRES (\u00e0 t\u00e9l\u00e9charger en PDF : principe-programme-autres-layout-2021-2024) Une nouvelle marche \u00e0 travers les institutions ne peut pas \u00eatre la r\u00e9ponse \u00e0 l&rsquo;\u00e9chec pr\u00e9alable des mouvements sociaux. Nous refusons certes de remplir notre fonction de parti, mais nous posons ici clairement la question du pouvoir ! &hellip; <\/p>\n<p class=\"link-more\"><a href=\"https:\/\/sonstige.noblogs.org\/\" class=\"more-link\">Continuer la lecture <span class=\"screen-reader-text\"> \u00ab\u00a0Programme (fr)\u00a0\u00bb<\/span><\/a><\/p>\n","protected":false},"author":16750,"featured_media":36,"parent":0,"menu_order":1,"comment_status":"closed","ping_status":"closed","template":"","meta":{"_locale":"fr_FR","_original_post":"https:\/\/sonstige.noblogs.org\/?page_id=5","footnotes":""},"class_list":["post-244","page","type-page","status-publish","has-post-thumbnail","hentry","fr-FR","entry"],"_links":{"self":[{"href":"https:\/\/sonstige.noblogs.org\/wp-json\/wp\/v2\/pages\/244","targetHints":{"allow":["GET"]}}],"collection":[{"href":"https:\/\/sonstige.noblogs.org\/wp-json\/wp\/v2\/pages"}],"about":[{"href":"https:\/\/sonstige.noblogs.org\/wp-json\/wp\/v2\/types\/page"}],"author":[{"embeddable":true,"href":"https:\/\/sonstige.noblogs.org\/wp-json\/wp\/v2\/users\/16750"}],"replies":[{"embeddable":true,"href":"https:\/\/sonstige.noblogs.org\/wp-json\/wp\/v2\/comments?post=244"}],"version-history":[{"count":2,"href":"https:\/\/sonstige.noblogs.org\/wp-json\/wp\/v2\/pages\/244\/revisions"}],"predecessor-version":[{"id":251,"href":"https:\/\/sonstige.noblogs.org\/wp-json\/wp\/v2\/pages\/244\/revisions\/251"}],"wp:featuredmedia":[{"embeddable":true,"href":"https:\/\/sonstige.noblogs.org\/wp-json\/wp\/v2\/media\/36"}],"wp:attachment":[{"href":"https:\/\/sonstige.noblogs.org\/wp-json\/wp\/v2\/media?parent=244"}],"curies":[{"name":"wp","href":"https:\/\/api.w.org\/{rel}","templated":true}]}}