{"id":51,"date":"2021-06-26T13:50:46","date_gmt":"2021-06-26T11:50:46","guid":{"rendered":"https:\/\/sonstige.noblogs.org\/?page_id=51"},"modified":"2024-02-01T15:33:59","modified_gmt":"2024-02-01T14:33:59","slug":"kontakt","status":"publish","type":"page","link":"https:\/\/sonstige.noblogs.org\/en-US\/kontakt\/","title":{"rendered":"Kontakt (de-en)"},"content":{"rendered":"<p><span class=\"header-title username\">Schreibt uns F\u00fcr Fragen, Anregungen und Kritik:<br \/>\nsonstige<span class=\"\">@systemli.org<\/span><br \/>\nLieber sicher mit uns kommunizieren! PGP-Schl\u00fcssel unten!<\/span><\/p>\n<p>Es tut uns leid! Inhaltliche Fragen und das Verschicken von Material \u00fcberfordert uns gerade. Wir befinden uns im Aufbau und reagieren eventuell verz\u00f6gert. F\u00fcr allgemeine Fragen zu Bundestags- und Europawahlen empfehlen wir die \u00fcbersichtlichen Seiten <a href=\"http:\/\/www.bundeswahlleiter.de\">Bundeswahlleiterin<\/a>, <a href=\"https:\/\/www.abgeordnetenwatch.de\/profile?parliament_period=All&amp;party=210\">Abgeordnetenwatch.de<\/a> und <a href=\"https:\/\/www.graswurzel.net\/gwr\/2021\/06\/anarchistischer-antiparlamentarismus-und-transformation-der-demokratie\/\">Graswurzelrevolution<\/a>.<\/p>\n<p>DIE SONSTIGEN ist eine Partei nach dem Parteiengesetz (PartG &#8211; <a href=\"https:\/\/www.gesetze-im-internet.de\/partg\/\">Link zum Gesetz<\/a>)<\/p>\n<p>Alle Rechte freigegeben (au\u00dfer der Seite <a href=\"https:\/\/sonstige.noblogs.org\/post\/2023\/12\/15\/kandidierende-zur-europawahl\/\">Kandidierende<\/a>): Werke (Texte, Bilder, Videos, Logos&#8230;) auf dieser Seite sind von uns und gemeinfrei nach <strong>Creative Commons Lizens<\/strong> CCL 1.0 universal (<a href=\"https:\/\/creativecommons.org\/publicdomain\/zero\/1.0\/deed.de\">Sonstige Informationen<\/a>)<\/p>\n<p><img loading=\"lazy\" decoding=\"async\" class=\"alignnone size-medium wp-image-133\" src=\"https:\/\/sonstige.noblogs.org\/files\/2021\/09\/215284812_4032544406872621_3992037079853340856_n-212x300.jpg\" alt=\"\" width=\"212\" height=\"300\" \/><\/p>\n<p>Aus Prinzip bevorzugen wir verschl\u00fcsselte Kommunikation:<\/p>\n<pre>-----BEGIN PGP PUBLIC KEY BLOCK-----\r\n\r\nmQENBGDXFbEBCADHKWkSTnuqh+jVAm7MCsnxu3dXQs5t5q3vuo5Qm34TPCZthMQX\r\nnG1mIOHb96+YNYjcw0lqf177iSDI2PaI8TxKcq5Rine3+PFMi1KHdEHlTCw7DTG7\r\nLKw27A5B7CFg3NuBP53rBnstGtHzdIemZ0mrmlnnG3xdfy9Mv\/4WROfHjpHCcCUd\r\n1rzWqQ2e84Kc8rIKQ3pO+XK1uQFQuDrO6utoieZhFp0AZDHUiawInRsNORFx+UTP\r\nkidGhtI2+A3Z8BrzuhDjMdB2Jl+KfMgf41Ag3IncJwmwvTl8dlGuVgaoVCeVX7Yn\r\nwCBRCraqDpyx8k3pD1066dHiExWukET8I8V1ABEBAAG0FXNvbnN0aWdlQHN5c3Rl\r\nbWxpLm9yZ4kBNQQQAQgAHwUCYNcVsQYLCQcIAwIEFQgKAgMWAgECGQECGwMCHgEA\r\nCgkQN3eRGcJ5Jhyxlwf\/QxqHXTziMaZ0obN1s9GG\/sAEdRoLba07NvJ5QyRIjtis\r\nYAv3Z5C+wGyZt7FwMAQXPTEMsZDM6bJ\/Ln6wuIY5F2f3j9VVy\/wOJxlAg+UIlJEH\r\nl\/Y0y7caXORkg67HG2zvpxHaOJkhHK\/OAj8lowU\/2OZBt+bY8z3QX6LQvEkDSkmZ\r\ncSwJCakf06kB+pCqOTdETp5jyz74TFmwiqBX3qA0CusTAwmQJo0C7Qj\/Ji\/F2UIR\r\nP9uhepyg74CRuqpMMsVe9wMyRiQ5SonHBa8WdZf4169q0zU7RNFCkNx1QYslU5yl\r\n2nl4aGqVM7DjSjnRn3g61J2SaHknZpVL3QGNGpyqKrkBDQRg1xWxAQgAzWHYYtIV\r\n93JTPNRwkW\/SfpZGaG68WdzondjrleLDaG2K\/yF4n8bfhHyTm96Iv+Temf+eNY2h\r\nu1ySDL0W8qBHtwrSTRDWxI7\/jr\/CG+Cr9x0EdnJE9ABQqI1jNjzoVIy+ug9z00Fl\r\nc9Amk+yh\/zqWVFyGqq9AucYyBeWfHDM7rcenzIIU3uGp8fnGnJgwGD+x5HnPaEIJ\r\n5FFzJ6nUDoxF2vOWJfP6HTIIfEYigxRX3Jrw1do9kRBwdB\/vEA1aDX3zyxvXp3VM\r\nMxvs\/ZrzsI7\/XeDBfuBnHyG2nHm+RWu6AKTfV4jMVknNNshAhxBcCwVi6fbROWS5\r\nvPEFHjjFZvsgcwARAQABiQEfBBgBCAAJBQJg1xWxAhsMAAoJEDd3kRnCeSYc3SkH\r\n\/11dT18gf3uDTac4onDOJ3FijsoPovVSDn\/820f2u7JxhTVl9t9act2yJ7Yzeco8\r\n4jTq7+Scq\/f+Qgz1o36dUw5UtVJ59Kx6u6CPF+elDEM5SoxqUOsHJEGyNcwTMwoj\r\nXsBV03jcEDGet3nGERMIAQMMUva7A0jVEFS34E7BZIcnj\/6uLGh5lExRdf72lc\/r\r\n7oPfYKXrSrz5qOV9wvAcW\/DdXrBuk1GcLIER9ohRy0diC1+zPli+g+pNRMRugjMZ\r\nHHHMi6Q63X8pWbiszxVHPCih4hFy2+etoLRs4bFvWJDP4ke87dbB5XxQo9rgkE6O\r\nG2zJdBkC\/9NVivzwGUkWgv0=\r\n=eVbK\r\n-----END PGP PUBLIC KEY BLOCK-----<\/pre>\n<p>Adresse des Sitzes und Verantwortlichkeit im Sinne des Gesetzes<br \/>\nDIE\u00a0SONSTIGEN<br \/>\nT. Peters<br \/>\nSm\u00e4\u00e4ljaat\u00a02<br \/>\n25946\u00a0Nebel\u00a0(Amrum)<\/p>\n<p><span class=\"header-title username\"> Email:\u00a0<a href=\"mailto:sonstige@systemli.org\">sonstige@systemli.org<\/a><br \/>\nWebsite:\u00a0<a href=\"https:\/\/sonstige.noblogs.org\" target=\"_blank\" rel=\"noopener noreferrer\">https:\/\/sonstige.noblogs.org<\/a><br \/>\nSocial\u00a0Media\u00a0<a href=\"https:\/\/sonstige.noblogs.org\/ink\/\" target=\"_blank\" rel=\"noopener noreferrer\">https:\/\/sonstige.noblogs.org\/ink\/<\/a><\/span><\/p>\n<p><img loading=\"lazy\" decoding=\"async\" class=\"alignnone size-medium wp-image-122\" src=\"https:\/\/sonstige.noblogs.org\/files\/2021\/09\/IMG_20210619_142627527-1-300x225.jpg\" alt=\"\" width=\"300\" height=\"225\" \/><\/p>\n<div>\n<h2>IMPRESSUM \/ Datenschutzerkl\u00e4rung<\/h2>\n<p>&nbsp;<\/p>\n<p><strong>Angaben gem\u00e4\u00df <abbr title=\"Paragraph\">\u00a7<\/abbr> 5 <abbr title=\"Telemediengesetz\">TMG<\/abbr>:<\/strong><\/p>\n<p>DIE\u00a0SONSTIGEN<br \/>\nT. Peters<br \/>\nSm\u00e4\u00e4ljaat\u00a02<br \/>\n25946\u00a0Nebel\u00a0(Amrum)<\/p>\n<p><span class=\"header-title username\"> Email:\u00a0<a href=\"mailto:sonstige@systemli.org\">sonstige@systemli.org<\/a><br \/>\nWebsite:\u00a0<a href=\"https:\/\/sonstige.noblogs.org\" target=\"_blank\" rel=\"noopener noreferrer\">https:\/\/sonstige.noblogs.org<\/a><br \/>\nSocial\u00a0Media\u00a0<a href=\"https:\/\/sonstige.noblogs.org\/ink\/\" target=\"_blank\" rel=\"noopener noreferrer\">https:\/\/sonstige.noblogs.org\/ink\/<\/a><\/span><\/p>\n<p><strong>Verantwortlich f\u00fcr den Inhalt nach <abbr title=\"Paragraph\">\u00a7<\/abbr> 55 <abbr title=\"Absatz\">Abs.<\/abbr> 2 RStV:<\/strong><\/p>\n<p>Wir halten auf unseren Internetseiten Links zu anderen Web-Seiten vor bzw. binden entsprechende Inhalte ein. Da wir keinen Einfluss auf die Gestaltung sowie die Inhalte dieser Seiten haben, \u00fcbernehmen wir f\u00fcr diese auch keine Haftung.<\/p>\n<p>&nbsp;<\/p>\n<h2>Datenschutzerkl\u00e4rung<\/h2>\n<h3>1. Allgemeine Hinweise<\/h3>\n<p>Die folgenden Hinweise geben einen einfachen \u00dcberblick dar\u00fcber, was mit Ihren personenbezogenen Daten passiert, wenn Sie unsere Website besuchen. Personenbezogene Daten sind alle Daten, mit denen Sie pers\u00f6nlich identifiziert werden k\u00f6nnen. Ausf\u00fchrliche Informationen zum Thema Datenschutz entnehmen Sie unserer unter diesem Text aufgef\u00fchrten Datenschutzerkl\u00e4rung.<\/p>\n<h4>Datenerfassung auf unserer Website<\/h4>\n<p><strong>Wer ist verantwortlich f\u00fcr die Datenerfassung auf dieser Website?<\/strong><\/p>\n<p>Die Datenverarbeitung auf dieser Website erfolgt durch den Websitebetreiber greatnet.<\/p>\n<p><strong>Wie erfassen wir Ihre Daten?<\/strong><\/p>\n<p>Ihre Daten werden zum einen dadurch erhoben, dass Sie uns diese mitteilen. Hierbei kann es sich z.B. um Daten handeln, die Sie in ein Kontaktformular eingeben.<\/p>\n<p>Andere Daten werden automatisch beim Besuch der Website durch unsere IT-Systeme erfasst. Das sind vor allem technische Daten (z.B. Internetbrowser, Betriebssystem oder Uhrzeit des Seitenaufrufs). Die Erfassung dieser Daten erfolgt automatisch, sobald Sie unsere Website betreten.<\/p>\n<p><strong>Wof\u00fcr nutzen wir Ihre Daten?<\/strong><\/p>\n<p>Ein Teil der Daten wird erhoben, um eine fehlerfreie Bereitstellung der Website zu gew\u00e4hrleisten. Andere Daten k\u00f6nnen zur Analyse Ihres Nutzerverhaltens verwendet werden.<\/p>\n<p><strong>Personenbezogene Daten?<\/strong><\/p>\n<p>Personenbezogene Daten (nachfolgend zumeist nur \u201eDaten\u201c genannt) werden von uns nur im Rahmen der Erforderlichkeit sowie zum Zwecke der Bereitstellung eines funktionsf\u00e4higen und nutzerfreundlichen Internetauftritts, inklusive seiner Inhalte und der dort angebotenen Leistungen, verarbeitet.<\/p>\n<p>Gem\u00e4\u00df Art. 4 Ziffer 1. der Verordnung (EU) 2016\/679, also der Datenschutz-Grundverordnung (nachfolgend nur \u201eDSGVO\u201c genannt), gilt als \u201eVerarbeitung\u201c jeder mit oder ohne Hilfe automatisierter Verfahren ausgef\u00fchrter Vorgang oder jede solche Vorgangsreihe im Zusammenhang mit personenbezogenen Daten, wie das Erheben, das Erfassen, die Organisation, das Ordnen, die Speicherung, die Anpassung oder Ver\u00e4nderung, das Auslesen, das Abfragen, die Verwendung, die Offenlegung durch \u00dcbermittlung, Verbreitung oder eine andere Form der Bereitstellung, den Abgleich oder die Verkn\u00fcpfung, die Einschr\u00e4nkung, das L\u00f6schen oder die Vernichtung.<\/p>\n<p>Mit der nachfolgenden Datenschutzerkl\u00e4rung informieren wir Sie insbesondere \u00fcber Art, Umfang, Zweck, Dauer und Rechtsgrundlage der Verarbeitung personenbezogener Daten, soweit wir entweder allein oder gemeinsam mit anderen \u00fcber die Zwecke und Mittel der Verarbeitung entscheiden. Zudem informieren wir Sie nachfolgend \u00fcber die von uns zu Optimierungszwecken sowie zur Steigerung der Nutzungsqualit\u00e4t eingesetzten Fremdkomponenten, soweit hierdurch Dritte Daten in wiederum eigener Verantwortung verarbeiten.<\/p>\n<h3>2. Informationen \u00fcber uns als Verantwortliche<\/h3>\n<p>Verantwortlicher Anbieter dieses Internetauftritts im datenschutzrechtlichen Sinne ist:<\/p>\n<p>DIE\u00a0SONSTIGEN<br \/>\nT. Peters<br \/>\nSm\u00e4\u00e4ljaat\u00a02<br \/>\n25946\u00a0Nebel\u00a0(Amrum)<\/p>\n<p><span class=\"header-title username\"> Email:\u00a0<a href=\"mailto:sonstige@systemli.org\">sonstige@systemli.org<\/a><br \/>\nWebsite:\u00a0<a href=\"https:\/\/sonstige.noblogs.org\" target=\"_blank\" rel=\"noopener noreferrer\">https:\/\/sonstige.noblogs.org<\/a><br \/>\nSocial\u00a0Media\u00a0<a href=\"https:\/\/sonstige.noblogs.org\/ink\/\" target=\"_blank\" rel=\"noopener noreferrer\">https:\/\/sonstige.noblogs.org\/ink\/<\/a><\/span><\/p>\n<p>Folgenden text haben wir leidglich kopiert, um uns abzusichern. Wir speichern grunds\u00e4tzlich auf diesem italienischen Server keine Daten von Interessierten.<\/p>\n<h3>3. Rechte der Nutzer und Betroffenen<\/h3>\n<p>Mit Blick auf die nachfolgend noch n\u00e4her beschriebene Datenverarbeitung haben die Nutzer und Betroffenen das Recht<\/p>\n<ol>\n<li>auf Best\u00e4tigung, ob sie betreffende Daten verarbeitet werden, auf Auskunft \u00fcber die verarbeiteten Daten, auf weitere Informationen \u00fcber die Datenverarbeitung sowie auf Kopien der Daten (vgl. auch Art. 15 DSGVO);<\/li>\n<li>auf Berichtigung oder Vervollst\u00e4ndigung unrichtiger bzw. unvollst\u00e4ndiger Daten (vgl. auch Art. 16 DSGVO);<\/li>\n<li>auf unverz\u00fcgliche L\u00f6schung der sie betreffenden Daten (vgl. auch Art. 17 DSGVO), oder, alternativ, soweit eine weitere Verarbeitung gem\u00e4\u00df Art. 17 Abs. 3 DSGVO erforderlich ist, auf Einschr\u00e4nkung der Verarbeitung nach Ma\u00dfgabe von Art. 18 DSGVO;<\/li>\n<li>auf Erhalt der sie betreffenden und von ihnen bereitgestellten Daten und auf \u00dcbermittlung dieser Daten an andere Anbieter\/Verantwortliche (vgl. auch Art. 20 DSGVO);<\/li>\n<li>auf Beschwerde gegen\u00fcber der Aufsichtsbeh\u00f6rde, sofern sie der Ansicht sind, dass die sie betreffenden Daten durch den Anbieter unter Versto\u00df gegen datenschutzrechtliche Bestimmungen verarbeitet werden (vgl. auch Art. 77 DSGVO).<\/li>\n<\/ol>\n<p>Dar\u00fcber hinaus ist der Anbieter dazu verpflichtet, alle Empf\u00e4nger, denen gegen\u00fcber Daten durch den Anbieter offengelegt worden sind, \u00fcber jedwede Berichtigung oder L\u00f6schung von Daten oder die Einschr\u00e4nkung der Verarbeitung, die aufgrund der Artikel 16, 17 Abs. 1, 18 DSGVO erfolgt, zu unterrichten. Diese Verpflichtung besteht jedoch nicht, soweit diese Mitteilung unm\u00f6glich oder mit einem unverh\u00e4ltnism\u00e4\u00dfigen Aufwand verbunden ist. Unbeschadet dessen hat der Nutzer ein Recht auf Auskunft \u00fcber diese Empf\u00e4nger.<\/p>\n<p>Ebenfalls haben die Nutzer und Betroffenen nach Art. 21 DSGVO das Recht auf Widerspruch gegen die k\u00fcnftige Verarbeitung der sie betreffenden Daten, sofern die Daten durch den Anbieter nach Ma\u00dfgabe von Art. 6 Abs. 1 lit. f) DSGVO verarbeitet werden. Insbesondere ist ein Widerspruch gegen die Datenverarbeitung zum Zwecke der Direktwerbung statthaft.<\/p>\n<h3>4. Informationen zur Datenverarbeitung<\/h3>\n<p>Ihre bei Nutzung unseres Internetauftritts verarbeiteten Daten werden gel\u00f6scht oder gesperrt, sobald der Zweck der Speicherung entf\u00e4llt, der L\u00f6schung der Daten keine gesetzlichen Aufbewahrungspflichten entgegenstehen und nachfolgend keine anderslautenden Angaben zu einzelnen Verarbeitungsverfahren gemacht werden.<\/p>\n<h3>5. Datenerfassung auf unserer Website<\/h3>\n<h3>Cookies<\/h3>\n<p>Die Internetseiten verwenden teilweise so genannte Cookies. Cookies richten auf Ihrem Rechner keinen Schaden an und enthalten keine Viren. Cookies dienen dazu, unser Angebot nutzerfreundlicher, effektiver und sicherer zu machen. Cookies sind kleine Textdateien, die auf Ihrem Rechner abgelegt werden und die Ihr Browser speichert.<\/p>\n<p>Die meisten der von uns verwendeten Cookies sind so genannte \u201cSession-Cookies\u201d. Sie werden nach Ende Ihres Besuchs automatisch gel\u00f6scht. Andere Cookies bleiben auf Ihrem Endger\u00e4t gespeichert bis Sie diese l\u00f6schen. Diese Cookies erm\u00f6glichen es uns, Ihren Browser beim n\u00e4chsten Besuch wiederzuerkennen.<\/p>\n<p>Sie k\u00f6nnen Ihren Browser so einstellen, dass Sie \u00fcber das Setzen von Cookies informiert werden und Cookies nur im Einzelfall erlauben, die Annahme von Cookies f\u00fcr bestimmte F\u00e4lle oder generell ausschlie\u00dfen sowie das automatische L\u00f6schen der Cookies beim Schlie\u00dfen des Browser aktivieren. Bei der Deaktivierung von Cookies kann die Funktionalit\u00e4t dieser Website eingeschr\u00e4nkt sein.<\/p>\n<p>Cookies, die zur Durchf\u00fchrung des elektronischen Kommunikationsvorgangs oder zur Bereitstellung bestimmter, von Ihnen erw\u00fcnschter Funktionen (z.B. Warenkorbfunktion) erforderlich sind, werden auf Grundlage von Art. 6 Abs. 1 lit. f DSGVO gespeichert. Der Websitebetreiber hat ein berechtigtes Interesse an der Speicherung von Cookies zur technisch fehlerfreien und optimierten Bereitstellung seiner Dienste. Soweit andere Cookies (z.B. Cookies zur Analyse Ihres Surfverhaltens) gespeichert werden, werden diese in dieser Datenschutzerkl\u00e4rung gesondert behandelt.<\/p>\n<h3>Server-Log-Dateien<\/h3>\n<p>Der Provider der Seiten erhebt und speichert automatisch Informationen in so genannten Server-Log-Dateien, die Ihr Browser automatisch an uns \u00fcbermittelt.<br \/>\nDies sind:<\/p>\n<ul>\n<li>Browsertyp und Browserversion<\/li>\n<li>verwendetes Betriebssystem<\/li>\n<li>Referrer URL<\/li>\n<li>Hostname des zugreifenden Rechners<\/li>\n<li>Uhrzeit der Serveranfrage<\/li>\n<li>IP-Adresse<\/li>\n<\/ul>\n<p>Eine Zusammenf\u00fchrung dieser Daten mit anderen Datenquellen wird nicht vorgenommen.<\/p>\n<p>Grundlage f\u00fcr die Datenverarbeitung ist Art. 6 Abs. 1 lit. b DSGVO, der die Verarbeitung von Daten zur Erf\u00fcllung eines Vertrags oder vorvertraglicher Ma\u00dfnahmen gestattet.<\/p>\n<h3>Kontaktformular (derzeit nicht in Verwendung)<\/h3>\n<p>Wenn Sie uns per Kontaktformular Anfragen zukommen lassen, werden Ihre Angaben aus dem Anfrageformular inklusive der von Ihnen dort angegebenen Kontaktdaten zwecks Bearbeitung der Anfrage und f\u00fcr den Fall von Anschlussfragen bei uns gespeichert. Diese Daten geben wir nicht ohne Ihre Einwilligung weiter.<\/p>\n<p>Die Verarbeitung der in das Kontaktformular eingegebenen Daten erfolgt somit ausschlie\u00dflich auf Grundlage Ihrer Einwilligung (Art. 6 Abs. 1 lit. a DSGVO). Sie k\u00f6nnen diese Einwilligung jederzeit widerrufen. Dazu reicht eine formlose Mitteilung per E-Mail an uns. Die Rechtm\u00e4\u00dfigkeit der bis zum Widerruf erfolgten Datenverarbeitungsvorg\u00e4nge bleibt vom Widerruf unber\u00fchrt.<\/p>\n<p>Die von Ihnen im Kontaktformular eingegebenen Daten verbleiben bei uns, bis Sie uns zur L\u00f6schung auffordern, Ihre Einwilligung zur Speicherung widerrufen oder der Zweck f\u00fcr die Datenspeicherung entf\u00e4llt (z.B. nach abgeschlossener Bearbeitung Ihrer Anfrage). Zwingende gesetzliche Bestimmungen \u2013 insbesondere Aufbewahrungsfristen \u2013 bleiben unber\u00fchrt.<\/p>\n<h3>Verarbeiten von Daten (Kunden- und Vertragsdaten)<\/h3>\n<p>Wir erheben, verarbeiten und nutzen personenbezogene Daten nur, soweit sie f\u00fcr die Begr\u00fcndung, inhaltliche Ausgestaltung oder \u00c4nderung des Rechtsverh\u00e4ltnisses erforderlich sind (Bestandsdaten). Dies erfolgt auf Grundlage von Art. 6 Abs. 1 lit. b DSGVO, der die Verarbeitung von Daten zur Erf\u00fcllung eines Vertrags oder vorvertraglicher Ma\u00dfnahmen gestattet. Personenbezogene Daten \u00fcber die Inanspruchnahme unserer Internetseiten (Nutzungsdaten) erheben, verarbeiten und nutzen wir nur, soweit dies erforderlich ist, um dem Nutzer die Inanspruchnahme des Dienstes zu erm\u00f6glichen oder abzurechnen.<\/p>\n<p>Die erhobenen Kundendaten werden nach Abschluss des Auftrags oder Beendigung der Gesch\u00e4ftsbeziehung gel\u00f6scht. Gesetzliche Aufbewahrungsfristen bleiben unber\u00fchrt.<\/p>\n<h3>6. Soziale Medien<\/h3>\n<h3>Facebook-Plugins (Like &amp; Share-Button)<\/h3>\n<p>Auf unseren Seiten sind Plugins des sozialen Netzwerks Facebook, Anbieter Facebook Inc., 1 Hacker Way, Menlo Park, California 94025, USA, integriert. Die Facebook-Plugins erkennen Sie an dem Facebook-Logo oder dem &#8220;Like-Button&#8221; (&#8220;Gef\u00e4llt mir&#8221;) auf unserer Seite. Eine \u00dcbersicht \u00fcber die Facebook-Plugins finden Sie hier: <a href=\"https:\/\/developers.facebook.com\/docs\/plugins\/\" target=\"_blank\" rel=\"noopener\">https:\/\/developers.facebook.com\/docs\/plugins\/<\/a>.<\/p>\n<p>Wenn Sie unsere Seiten besuchen, wird \u00fcber das Plugin eine direkte Verbindung zwischen Ihrem Browser und dem Facebook-Server hergestellt. Facebook erh\u00e4lt dadurch die Information, dass Sie mit Ihrer IP-Adresse unsere Seite besucht haben. Wenn Sie den Facebook &#8220;Like-Button&#8221; anklicken w\u00e4hrend Sie in Ihrem Facebook-Account eingeloggt sind, k\u00f6nnen Sie die Inhalte unserer Seiten auf Ihrem Facebook-Profil verlinken. Dadurch kann Facebook den Besuch unserer Seiten Ihrem Benutzerkonto zuordnen. Wir weisen darauf hin, dass wir als Anbieter der Seiten keine Kenntnis vom Inhalt der \u00fcbermittelten Daten sowie deren Nutzung durch Facebook erhalten. Weitere Informationen hierzu finden Sie in der Datenschutzerkl\u00e4rung von Facebook unter: <a href=\"https:\/\/de-de.facebook.com\/policy.php\" target=\"_blank\" rel=\"noopener\">https:\/\/de-de.facebook.com\/policy.php<\/a>.<\/p>\n<p>Wenn Sie nicht w\u00fcnschen, dass Facebook den Besuch unserer Seiten Ihrem Facebook-Nutzerkonto zuordnen kann, loggen Sie sich bitte aus Ihrem Facebook-Benutzerkonto aus.<\/p>\n<\/div>\n<div class=\"article-footer-wrap\">\n<div class=\"article-footer-top\"><\/div>\n<\/div>\n","protected":false},"excerpt":{"rendered":"<p>Schreibt uns F\u00fcr Fragen, Anregungen und Kritik: sonstige@systemli.org Lieber sicher mit uns kommunizieren! PGP-Schl\u00fcssel unten! Es tut uns leid! Inhaltliche Fragen und das Verschicken von Material \u00fcberfordert uns gerade. Wir befinden uns im Aufbau und reagieren eventuell verz\u00f6gert. F\u00fcr allgemeine Fragen zu Bundestags- und Europawahlen empfehlen wir die \u00fcbersichtlichen Seiten Bundeswahlleiterin, Abgeordnetenwatch.de und Graswurzelrevolution. DIE &hellip; <\/p>\n<p class=\"link-more\"><a href=\"https:\/\/sonstige.noblogs.org\/en-US\/kontakt\/\" class=\"more-link\">Continue reading<span class=\"screen-reader-text\"> &#8220;Kontakt (de-en)&#8221;<\/span><\/a><\/p>\n","protected":false},"author":16750,"featured_media":33,"parent":0,"menu_order":0,"comment_status":"closed","ping_status":"closed","template":"","meta":{"_locale":"en_US","_original_post":"https:\/\/sonstige.noblogs.org\/?page_id=51","footnotes":""},"class_list":["post-51","page","type-page","status-publish","has-post-thumbnail","hentry","en-US","entry"],"_links":{"self":[{"href":"https:\/\/sonstige.noblogs.org\/wp-json\/wp\/v2\/pages\/51","targetHints":{"allow":["GET"]}}],"collection":[{"href":"https:\/\/sonstige.noblogs.org\/wp-json\/wp\/v2\/pages"}],"about":[{"href":"https:\/\/sonstige.noblogs.org\/wp-json\/wp\/v2\/types\/page"}],"author":[{"embeddable":true,"href":"https:\/\/sonstige.noblogs.org\/wp-json\/wp\/v2\/users\/16750"}],"replies":[{"embeddable":true,"href":"https:\/\/sonstige.noblogs.org\/wp-json\/wp\/v2\/comments?post=51"}],"version-history":[{"count":18,"href":"https:\/\/sonstige.noblogs.org\/wp-json\/wp\/v2\/pages\/51\/revisions"}],"predecessor-version":[{"id":288,"href":"https:\/\/sonstige.noblogs.org\/wp-json\/wp\/v2\/pages\/51\/revisions\/288"}],"wp:featuredmedia":[{"embeddable":true,"href":"https:\/\/sonstige.noblogs.org\/wp-json\/wp\/v2\/media\/33"}],"wp:attachment":[{"href":"https:\/\/sonstige.noblogs.org\/wp-json\/wp\/v2\/media?parent=51"}],"curies":[{"name":"wp","href":"https:\/\/api.w.org\/{rel}","templated":true}]}}