{"id":5,"date":"2021-06-21T18:08:03","date_gmt":"2021-06-21T16:08:03","guid":{"rendered":"https:\/\/sonstige.noblogs.org\/?page_id=5"},"modified":"2025-01-01T01:15:39","modified_gmt":"2025-01-01T00:15:39","slug":"programm","status":"publish","type":"page","link":"https:\/\/sonstige.noblogs.org\/","title":{"rendered":"Programm"},"content":{"rendered":"<div id=\"magicdomid3\" class=\"ace-line\">\n<h1 class=\"western\">Liewer d\u00fcd a\u00df Slaawe<\/h1>\n<pre class=\"western\">[Lieber tot als unfrei]<\/pre>\n<\/div>\n<p>Parteiprogramm der Minderheitenpartei<br \/>\n<b>DIE SONSTIGEN (als PDF herunterladen: <a href=\"https:\/\/sonstige.noblogs.org\/files\/2025\/01\/programm-sonstige-btw2025-layout-MERGED-pedeeff.pdf\">grundsatz-programm<\/a>)<br \/>\n<\/b><\/p>\n<p><strong>Wir stellen die Machtfrage<\/strong><br \/>\nWir glauben nicht, dass ein neuer Marsch durch die Institutionen die richtige Antwort auf das Scheitern von sozialen Bewegungen ist. Stattdessen wollen wir die Machtfrage stellen \u2013 das hei\u00dft, wir wollen herausfordern, wer in unserer Gesellschaft das Sagen hat.<\/p>\n<p><strong>Was wollen wir?<\/strong><br \/>\nWir wollen eine echte Bedrohung f\u00fcr die m\u00e4chtigen Verbindungen zwischen Milit\u00e4r und Wirtschaft, zwischen Kapital und Staat sein. Daf\u00fcr wollen wir die grundlegende Frage positiv stellen: Wie soll unser System funktionieren? Unsere zahlreichen Ideen sollen so bekannt und wichtig werden, dass sie in diesen Krisenzeiten grundlegende Ver\u00e4nderungen ausl\u00f6sen. Es geht um die friesische Kultur.<\/p>\n<p><strong>Wie machen wir das?<\/strong><\/p>\n<ul>\n<li>Wir haben viel dar\u00fcber nachgedacht, wie wir miteinander reden und zusammenarbeiten. Viel Gewalt ist in Sprache versteckt. Dabei geht es nicht darum, immer nett zu sein oder Wut und Hilflosigkeit zu unterdr\u00fccken. Wir spielen keine Zuversicht.<\/li>\n<li>Wir sind es leid, uns in kleinen, ideologischen Streitereien aufzureiben. Wir brauchen ein breites B\u00fcndnis, das f\u00fcr einen Neustart der Demokratie k\u00e4mpft \u2013 eine Demokratie ohne F\u00fchrung von oben.<\/li>\n<li>Wir haben keine Zeit mehr, uns auf gemeinsame Identit\u00e4ten zu einigen. Stattdessen m\u00fcssen wir sofort loslegen und zusammenarbeiten: Wir, die Sonstigen. Erst der gemeinsame Kampf schafft die Gemeinsamkeit.<\/li>\n<\/ul>\n<p>B\u00fcndnisarbeit ist anstrengend, weil man oft mit Leuten zusammenarbeitet, die anderer Meinung sind. Aber genau das ist auch ein Vorbild f\u00fcr die Welt, die wir uns w\u00fcnschen: eine Welt, in der Chancengleichheit und Zusammenarbeit wichtiger sind als Hierarchien. Unsere Organisation ist demokratisch und horizontal, aber auch wir m\u00fcssen darauf achten, dass B\u00fcrokratie uns nicht l\u00e4hmt.<\/p>\n<p><strong>Unsere Haltung zum System<\/strong><br \/>\nDass wir bei einer Partei mitmachen, hei\u00dft nicht, dass wir die Regeln des Spiels akzeptieren. Im Kapitalismus werden selbst Ideen wie Waren behandelt \u2013 das lehnen wir ab. Unsere K\u00fcsten werden von der Klimakatastrophe bedroht, unsere Sprachen sterben aus und alte wie neue Rechte verhindern eine wirklich pluralistische Gesellschaft. Die gro\u00dfen Parteien stehen f\u00fcr ein Weiter-So, aber das ist keine ausreichende Alternative zum Faschismus.<\/p>\n<p><strong>Wer sind wir?<\/strong><br \/>\nWir sind Fries*innen aus verschiedenen Bewegungen: F\u00fcr ein bedingungsloses Grundeinkommen oder Umverteilung, f\u00fcr Mieter*innen oder Vagabundierende, f\u00fcr Tierrechte oder Menschenrechte, gegen jede Form von Diskriminierung, f\u00fcr die Gleichwertigkeit aller Menschen. Manche von uns sind eher reformorientiert, andere wollen einen klaren und schnellen Bruch. Was uns verbindet, ist die Hoffnung auf eine bessere Welt, trotz aller Entt\u00e4uschungen. Als Minderheit sehen wir unsere Aufgabe darin, Gradmesser und Triebfeder f\u00fcr die Demokratie zu sein und ein R\u00fcckgrat gegen deutschen Nationalismus.<\/p>\n<p><strong>Was ist unser Weg<\/strong><strong>?<\/strong><br \/>\nWir wollen nicht ins Zentrum der Macht. Stattdessen wollen wir die bestehende Ordnung von den R\u00e4ndern her ver\u00e4ndern \u2013 aus der Perspektive der Schwachen und Ausgegrenzten. Wir wollen die deutsche Normalit\u00e4t durch Vielfalt ersetzen. Vielfalt bedeutet nicht einfach eine Ansammlung von abgeschlossenen Gruppen mit festen Grenzen. Als friesische Minderheit verstehen wir uns als kleiner Teil einer Bewegung von Minderheiten. Statt Politik im Sinne von Verteilungsk\u00e4mpfen wollen wir Zusammenarbeit zur treibenden Kraft f\u00fcr Fortschritt machen.<\/p>\n<p><strong>Es lebe die Vielfalt!<br \/>\n<\/strong><\/p>\n<div id=\"magicdomid30\" dir=\"ltr\">\n<p style=\"text-align: center\"><b>VIVE LA DIFFERENCE!!!<\/b><\/p>\n<figure id=\"attachment_24\" aria-describedby=\"caption-attachment-24\" style=\"width: 640px\" class=\"wp-caption aligncenter\"><img loading=\"lazy\" decoding=\"async\" class=\"wp-image-24 size-large\" src=\"https:\/\/sonstige.noblogs.org\/files\/2021\/06\/P1870831.cleaned-1024x682.jpg\" alt=\"Hier nur zu Besuch\" width=\"640\" height=\"426\" srcset=\"https:\/\/sonstige.noblogs.org\/files\/2021\/06\/P1870831.cleaned-1024x682.jpg 1024w, https:\/\/sonstige.noblogs.org\/files\/2021\/06\/P1870831.cleaned-300x200.jpg 300w, https:\/\/sonstige.noblogs.org\/files\/2021\/06\/P1870831.cleaned-768x511.jpg 768w, https:\/\/sonstige.noblogs.org\/files\/2021\/06\/P1870831.cleaned-1536x1022.jpg 1536w, https:\/\/sonstige.noblogs.org\/files\/2021\/06\/P1870831.cleaned-2048x1363.jpg 2048w, https:\/\/sonstige.noblogs.org\/files\/2021\/06\/P1870831.cleaned-1568x1044.jpg 1568w\" sizes=\"auto, (max-width: 640px) 100vw, 640px\" \/><figcaption id=\"caption-attachment-24\" class=\"wp-caption-text\">Hier nur zu Besuch<\/figcaption><\/figure>\n<\/div>\n<p><img loading=\"lazy\" decoding=\"async\" class=\"alignnone wp-image-358 size-medium\" src=\"https:\/\/sonstige.noblogs.org\/files\/2025\/01\/neues-programm2024-25-online-luett-241x300.jpg\" alt=\"\" width=\"241\" height=\"300\" srcset=\"https:\/\/sonstige.noblogs.org\/files\/2025\/01\/neues-programm2024-25-online-luett-241x300.jpg 241w, https:\/\/sonstige.noblogs.org\/files\/2025\/01\/neues-programm2024-25-online-luett-821x1024.jpg 821w, https:\/\/sonstige.noblogs.org\/files\/2025\/01\/neues-programm2024-25-online-luett-768x958.jpg 768w, https:\/\/sonstige.noblogs.org\/files\/2025\/01\/neues-programm2024-25-online-luett-1232x1536.jpg 1232w, https:\/\/sonstige.noblogs.org\/files\/2025\/01\/neues-programm2024-25-online-luett-1643x2048.jpg 1643w, https:\/\/sonstige.noblogs.org\/files\/2025\/01\/neues-programm2024-25-online-luett-1568x1955.jpg 1568w\" sizes=\"auto, (max-width: 241px) 100vw, 241px\" \/> <img loading=\"lazy\" decoding=\"async\" class=\"alignnone wp-image-359 size-medium\" src=\"https:\/\/sonstige.noblogs.org\/files\/2025\/01\/neues-programm2024-25-seite2-online-luett-241x300.jpg\" alt=\"\" width=\"241\" height=\"300\" srcset=\"https:\/\/sonstige.noblogs.org\/files\/2025\/01\/neues-programm2024-25-seite2-online-luett-241x300.jpg 241w, https:\/\/sonstige.noblogs.org\/files\/2025\/01\/neues-programm2024-25-seite2-online-luett-821x1024.jpg 821w, https:\/\/sonstige.noblogs.org\/files\/2025\/01\/neues-programm2024-25-seite2-online-luett-768x958.jpg 768w, https:\/\/sonstige.noblogs.org\/files\/2025\/01\/neues-programm2024-25-seite2-online-luett-1232x1536.jpg 1232w, https:\/\/sonstige.noblogs.org\/files\/2025\/01\/neues-programm2024-25-seite2-online-luett-1643x2048.jpg 1643w, https:\/\/sonstige.noblogs.org\/files\/2025\/01\/neues-programm2024-25-seite2-online-luett-1568x1955.jpg 1568w\" sizes=\"auto, (max-width: 241px) 100vw, 241px\" \/><\/p>\n","protected":false},"excerpt":{"rendered":"<p>Liewer d\u00fcd a\u00df Slaawe [Lieber tot als unfrei] Parteiprogramm der Minderheitenpartei DIE SONSTIGEN (als PDF herunterladen: grundsatz-programm) Wir stellen die Machtfrage Wir glauben nicht, dass ein neuer Marsch durch die Institutionen die richtige Antwort auf das Scheitern von sozialen Bewegungen ist. Stattdessen wollen wir die Machtfrage stellen \u2013 das hei\u00dft, wir wollen herausfordern, wer in &hellip; <\/p>\n<p class=\"link-more\"><a href=\"https:\/\/sonstige.noblogs.org\/\" class=\"more-link\">Continue reading<span class=\"screen-reader-text\"> &#8220;Programm&#8221;<\/span><\/a><\/p>\n","protected":false},"author":16750,"featured_media":36,"parent":0,"menu_order":0,"comment_status":"closed","ping_status":"closed","template":"","meta":{"_locale":"en_US","_original_post":"https:\/\/sonstige.noblogs.org\/?page_id=5","footnotes":""},"class_list":["post-5","page","type-page","status-publish","has-post-thumbnail","hentry","en-US","entry"],"_links":{"self":[{"href":"https:\/\/sonstige.noblogs.org\/wp-json\/wp\/v2\/pages\/5","targetHints":{"allow":["GET"]}}],"collection":[{"href":"https:\/\/sonstige.noblogs.org\/wp-json\/wp\/v2\/pages"}],"about":[{"href":"https:\/\/sonstige.noblogs.org\/wp-json\/wp\/v2\/types\/page"}],"author":[{"embeddable":true,"href":"https:\/\/sonstige.noblogs.org\/wp-json\/wp\/v2\/users\/16750"}],"replies":[{"embeddable":true,"href":"https:\/\/sonstige.noblogs.org\/wp-json\/wp\/v2\/comments?post=5"}],"version-history":[{"count":12,"href":"https:\/\/sonstige.noblogs.org\/wp-json\/wp\/v2\/pages\/5\/revisions"}],"predecessor-version":[{"id":360,"href":"https:\/\/sonstige.noblogs.org\/wp-json\/wp\/v2\/pages\/5\/revisions\/360"}],"wp:featuredmedia":[{"embeddable":true,"href":"https:\/\/sonstige.noblogs.org\/wp-json\/wp\/v2\/media\/36"}],"wp:attachment":[{"href":"https:\/\/sonstige.noblogs.org\/wp-json\/wp\/v2\/media?parent=5"}],"curies":[{"name":"wp","href":"https:\/\/api.w.org\/{rel}","templated":true}]}}