{"id":259,"date":"2024-01-05T05:20:34","date_gmt":"2024-01-05T04:20:34","guid":{"rendered":"https:\/\/sonstige.noblogs.org\/?page_id=259"},"modified":"2024-01-05T05:29:37","modified_gmt":"2024-01-05T04:29:37","slug":"programm","status":"publish","type":"page","link":"https:\/\/sonstige.noblogs.org\/","title":{"rendered":"Programm (dan)"},"content":{"rendered":"<div id=\"magicdomid3\" class=\"ace-line\">\n<h3 class=\"western\">Liewer d\u00fcd a\u00df Slaawe<\/h3>\n<\/div>\n<p>Partiprogram for mindretalspartiet<br \/>\nDIE SONSTIGEN<\/p>\n<p>En ny march gennem institutionerne kan ikke v\u00e6re svaret p\u00e5 de sociale bev\u00e6gelsers indledende fiasko. Vi n\u00e6gter at udfylde vores funktion som parti, men vi stiller klart sp\u00f8rgsm\u00e5let om magt!<\/p>\n<p>Liewer d\u00fcd a\u00df Slaawe<\/p>\n<p>[Hellere d\u00f8d end ufri].<\/p>\n<p><strong>Hvad er det, vi vil?<\/strong><\/p>\n<p>Vi \u00f8nsker at udg\u00f8re en alvorlig trussel mod det milit\u00e6rindustrielle kompleks ved at s\u00e6tte sp\u00f8rgsm\u00e5let om systemet p\u00e5 dagsordenen igen. Vi \u00f8nsker, at vores sp\u00f8rgsm\u00e5l og koncepter skal n\u00e5 en kritisk masse, som vil medf\u00f8re vidtr\u00e6kkende \u00e6ndringer i krisetider.<\/p>\n<p><strong>Hvordan g\u00f8r vi det?<\/strong><\/p>\n<p>I processen med at stifte dette nye parti brugte vi en hel konference p\u00e5 sp\u00f8rgsm\u00e5let om, hvordan vi \u00f8nsker at tale med hinanden og forholde os til hinanden. Der er meget vold gemt i sproget. Det handler ikke om altid at v\u00e6re s\u00f8d og venlig og underordne f\u00f8lelser som vrede og hj\u00e6lpel\u00f8shed til en tilsyneladende allestedsn\u00e6rv\u00e6rende, foregivet selvtillid og afh\u00e6ngighed af succes. Vi er tr\u00e6tte af splittelseskampe og ideologiske splittelser. Vores overlevelse som mindretal og nicheeksistens afh\u00e6nger i \u00f8jeblikket af en bred alliance for en demokratisk opgradering: En gr\u00e6srodsdemokratisk genstart uden lederskab. De grupper og individer, der har tilsluttet sig denne &#8220;union af de splittende&#8221;, har ikke l\u00e6ngere tid til at skabe en identitet og lede efter et f\u00e6lles grundlag!<\/p>\n<p>Alliancearbejde er meget kedeligt. Man skal altid forholde sig til folk, der er fundamentalt uenige med en. Samtidig er vores respektfulde m\u00f8der allerede en model for den verden, vi \u00f8nsker at se. Vores m\u00e5l er indeholdt i vores horisontale organisation. Men strukturen i et parti kr\u00e6ver ogs\u00e5 en sans for organisation. Uden mindfulness bliver vi midler for vores midler!<\/p>\n<p>Ved at deltage har vi ikke accepteret spillets regler! I kapitalismen, som har markedsgjort alle omr\u00e5der af livet, har vores ideer ogs\u00e5 selv taget form af en vare.<\/p>\n<p><strong>Hvem er vi?<\/strong><\/p>\n<p>Vi er aktivister til fordel for en helfrisisk konf\u00f8deralisme; mod alle former for racisme; mod diskrimination af alle minoriteter; og mod al gruppebaseret misantropi.<\/p>\n<p>Vi kommer fra UBI-bev\u00e6gelsen, dyrefrig\u00f8relsesbev\u00e6gelsen, menneskerettigheds- og borgerrettighedsbev\u00e6gelserne, EU- og FN-reformbev\u00e6gelserne, den berlinske husbes\u00e6tterscene, de feministiske bev\u00e6gelser i 2. og 3. b\u00f8lge, queer-milj\u00f8et, queer-milj\u00f8et og det feministiske milj\u00f8. Waves, queer-milj\u00f8et, LGBTI, handicappede og psykiatri-erfarne, lejer-, anti-gentrificerings-, hjeml\u00f8se-, vagabond-, stofbruger-, radikale billedkunstner-, arbejder-, arbejdsl\u00f8se-, arbejdsn\u00e6gter- og fangebev\u00e6gelser og sidst, men ikke mindst fra arts-, natur- og klimabeskyttelsesbev\u00e6gelserne; vi er tilh\u00e6ngere af borgerligt-liberale og moderat-konservative, liberale, social-liberale, socialdemokratiske, demokratisk-socialistiske, gr\u00e6srodsdemokratiske, socialistiske eller anarkistiske politiske filosofier, og i bedste fald alle egalit\u00e6re politiske filosofier; vi er spirituelle eller humanistiske. Vi er reformatorer eller revolution\u00e6re, som ikke har mistet troen p\u00e5 trods af utrolige skuffelser.<\/p>\n<p><strong>Hvilken vej \u00f8nsker vi at g\u00e5?<\/strong><\/p>\n<p>Vi \u00f8nsker ikke at g\u00e5 til magtens centrum, men at opl\u00f8se den herskende orden fra marginalerne, fra de svage og marginaliserede, og at erstatte den tyske normalitet med farverig mangfoldighed. Mangfoldighed kommer ikke fra lukkede enheder af grupper af mennesker. Vi skal se alle vores gruppetilh\u00f8rsforhold som instrumenter til gensidig udnyttelse og konkurrence. Vi f\u00f8rer ikke identitetspolitik for et bestemt klientel! Vi g\u00f8r samarbejde &#8211; i stedet for konkurrence &#8211; til drivkraften for fremskridt!<\/p>\n<p>&nbsp;<\/p>\n<p style=\"text-align: center\"><strong>VIVE LA DIFFERENCE!!!<\/strong><\/p>\n<p>&nbsp;<\/p>\n<div id=\"magicdomid30\" dir=\"ltr\">\n<figure id=\"attachment_24\" aria-describedby=\"caption-attachment-24\" style=\"width: 640px\" class=\"wp-caption aligncenter\"><img loading=\"lazy\" decoding=\"async\" class=\"wp-image-24 size-large\" src=\"https:\/\/sonstige.noblogs.org\/files\/2021\/06\/P1870831.cleaned-1024x682.jpg\" alt=\"Hier nur zu Besuch\" width=\"640\" height=\"426\" srcset=\"https:\/\/sonstige.noblogs.org\/files\/2021\/06\/P1870831.cleaned-1024x682.jpg 1024w, https:\/\/sonstige.noblogs.org\/files\/2021\/06\/P1870831.cleaned-300x200.jpg 300w, https:\/\/sonstige.noblogs.org\/files\/2021\/06\/P1870831.cleaned-768x511.jpg 768w, https:\/\/sonstige.noblogs.org\/files\/2021\/06\/P1870831.cleaned-1536x1022.jpg 1536w, https:\/\/sonstige.noblogs.org\/files\/2021\/06\/P1870831.cleaned-2048x1363.jpg 2048w, https:\/\/sonstige.noblogs.org\/files\/2021\/06\/P1870831.cleaned-1568x1044.jpg 1568w\" sizes=\"auto, (max-width: 640px) 100vw, 640px\" \/><figcaption id=\"caption-attachment-24\" class=\"wp-caption-text\">Her kun for et bes\u00f8g<\/figcaption><\/figure>\n<\/div>\n<p><img loading=\"lazy\" decoding=\"async\" class=\"alignnone wp-image-231\" src=\"https:\/\/sonstige.noblogs.org\/files\/2023\/12\/programm-seite1b-241x300.png\" alt=\"\" width=\"527\" height=\"656\" srcset=\"https:\/\/sonstige.noblogs.org\/files\/2023\/12\/programm-seite1b-241x300.png 241w, https:\/\/sonstige.noblogs.org\/files\/2023\/12\/programm-seite1b.png 640w\" sizes=\"auto, (max-width: 527px) 100vw, 527px\" \/> <img loading=\"lazy\" decoding=\"async\" class=\"alignnone wp-image-230\" src=\"https:\/\/sonstige.noblogs.org\/files\/2023\/12\/programm-seite2-gruner-groser-241x300.png\" alt=\"\" width=\"528\" height=\"657\" srcset=\"https:\/\/sonstige.noblogs.org\/files\/2023\/12\/programm-seite2-gruner-groser-241x300.png 241w, https:\/\/sonstige.noblogs.org\/files\/2023\/12\/programm-seite2-gruner-groser.png 640w\" sizes=\"auto, (max-width: 528px) 100vw, 528px\" \/><\/p>\n","protected":false},"excerpt":{"rendered":"<p>Liewer d\u00fcd a\u00df Slaawe Partiprogram for mindretalspartiet DIE SONSTIGEN En ny march gennem institutionerne kan ikke v\u00e6re svaret p\u00e5 de sociale bev\u00e6gelsers indledende fiasko. Vi n\u00e6gter at udfylde vores funktion som parti, men vi stiller klart sp\u00f8rgsm\u00e5let om magt! Liewer d\u00fcd a\u00df Slaawe [Hellere d\u00f8d end ufri]. Hvad er det, vi vil? Vi \u00f8nsker at &hellip; <\/p>\n<p class=\"link-more\"><a href=\"https:\/\/sonstige.noblogs.org\/\" class=\"more-link\">Continue reading<span class=\"screen-reader-text\"> &#8220;Programm (dan)&#8221;<\/span><\/a><\/p>\n","protected":false},"author":16750,"featured_media":36,"parent":0,"menu_order":0,"comment_status":"closed","ping_status":"closed","template":"","meta":{"_locale":"da_DK","_original_post":"https:\/\/sonstige.noblogs.org\/?page_id=5","footnotes":""},"class_list":["post-259","page","type-page","status-publish","has-post-thumbnail","hentry","da-DK","entry"],"_links":{"self":[{"href":"https:\/\/sonstige.noblogs.org\/wp-json\/wp\/v2\/pages\/259","targetHints":{"allow":["GET"]}}],"collection":[{"href":"https:\/\/sonstige.noblogs.org\/wp-json\/wp\/v2\/pages"}],"about":[{"href":"https:\/\/sonstige.noblogs.org\/wp-json\/wp\/v2\/types\/page"}],"author":[{"embeddable":true,"href":"https:\/\/sonstige.noblogs.org\/wp-json\/wp\/v2\/users\/16750"}],"replies":[{"embeddable":true,"href":"https:\/\/sonstige.noblogs.org\/wp-json\/wp\/v2\/comments?post=259"}],"version-history":[{"count":2,"href":"https:\/\/sonstige.noblogs.org\/wp-json\/wp\/v2\/pages\/259\/revisions"}],"predecessor-version":[{"id":269,"href":"https:\/\/sonstige.noblogs.org\/wp-json\/wp\/v2\/pages\/259\/revisions\/269"}],"wp:featuredmedia":[{"embeddable":true,"href":"https:\/\/sonstige.noblogs.org\/wp-json\/wp\/v2\/media\/36"}],"wp:attachment":[{"href":"https:\/\/sonstige.noblogs.org\/wp-json\/wp\/v2\/media?parent=259"}],"curies":[{"name":"wp","href":"https:\/\/api.w.org\/{rel}","templated":true}]}}